{"id":967,"date":"2021-11-25T09:32:27","date_gmt":"2021-11-25T12:32:27","guid":{"rendered":"https:\/\/www.mamabag.com.ar\/confiaentumagia\/?post_type=product&#038;p=967"},"modified":"2024-04-12T14:40:35","modified_gmt":"2024-04-12T17:40:35","slug":"liners","status":"publish","type":"product","link":"https:\/\/www.mamabag.com.ar\/confiaentumagia\/producto\/liners\/","title":{"rendered":"Liners"},"content":{"rendered":"<p>Liner de tela lavable y reutilizable para pa\u00f1ales de tela ecol\u00f3gicos, confeccionados con 2 tipos de tela: Una decorativa estampada y otra siempre seco. Evita rosaduras y dermatitis Mantiene la cola seca por m\u00e1s tiempo.<\/p>\n<p>Retiene los s\u00f3lidos y permite que el pis pase hacia el absorbente. Facilita el retiro de s\u00f3lidos y evita manchas en le pa\u00f1al. Evita impermeabilizaci\u00f3n del pa\u00f1al \u00e1l utilizar cremas sobre la cola del beb\u00e9.<\/p>\n","protected":false},"excerpt":{"rendered":"<p>Liners lavables y reutilizables siempre seco.<\/p>\n<p>Retiene los s\u00f3lidos y permite que el pis pase hacia el absorbente.<\/p>\n","protected":false},"featured_media":962,"comment_status":"open","ping_status":"closed","template":"","meta":{"site-sidebar-layout":"default","site-content-layout":"default","ast-global-header-display":"","ast-main-header-display":"","ast-hfb-above-header-display":"","ast-hfb-below-header-display":"","ast-hfb-mobile-header-display":"","site-post-title":"","ast-breadcrumbs-content":"","ast-featured-img":"","footer-sml-layout":"","theme-transparent-header-meta":"default","adv-header-id-meta":"","stick-header-meta":"","header-above-stick-meta":"","header-main-stick-meta":"","header-below-stick-meta":""},"product_cat":[21],"product_tag":[],"class_list":{"0":"post-967","1":"product","2":"type-product","3":"status-publish","4":"has-post-thumbnail","6":"product_cat-panales-tela","8":"first","9":"instock","10":"shipping-taxable","11":"purchasable","12":"product-type-simple"},"jetpack_sharing_enabled":true,"jetpack-related-posts":[],"_links":{"self":[{"href":"https:\/\/www.mamabag.com.ar\/confiaentumagia\/wp-json\/wp\/v2\/product\/967"}],"collection":[{"href":"https:\/\/www.mamabag.com.ar\/confiaentumagia\/wp-json\/wp\/v2\/product"}],"about":[{"href":"https:\/\/www.mamabag.com.ar\/confiaentumagia\/wp-json\/wp\/v2\/types\/product"}],"replies":[{"embeddable":true,"href":"https:\/\/www.mamabag.com.ar\/confiaentumagia\/wp-json\/wp\/v2\/comments?post=967"}],"wp:featuredmedia":[{"embeddable":true,"href":"https:\/\/www.mamabag.com.ar\/confiaentumagia\/wp-json\/wp\/v2\/media\/962"}],"wp:attachment":[{"href":"https:\/\/www.mamabag.com.ar\/confiaentumagia\/wp-json\/wp\/v2\/media?parent=967"}],"wp:term":[{"taxonomy":"product_cat","embeddable":true,"href":"https:\/\/www.mamabag.com.ar\/confiaentumagia\/wp-json\/wp\/v2\/product_cat?post=967"},{"taxonomy":"product_tag","embeddable":true,"href":"https:\/\/www.mamabag.com.ar\/confiaentumagia\/wp-json\/wp\/v2\/product_tag?post=967"}],"curies":[{"name":"wp","href":"https:\/\/api.w.org\/{rel}","templated":true}]}}