{"id":926,"date":"2021-11-25T09:05:16","date_gmt":"2021-11-25T12:05:16","guid":{"rendered":"https:\/\/www.mamabag.com.ar\/confiaentumagia\/?post_type=product&#038;p=926"},"modified":"2024-04-12T14:36:02","modified_gmt":"2024-04-12T17:36:02","slug":"panal-de-tela-bolsillo-roy","status":"publish","type":"product","link":"https:\/\/www.mamabag.com.ar\/confiaentumagia\/producto\/panal-de-tela-bolsillo-roy\/","title":{"rendered":"Pa\u00f1al de tela bolsillo Roy"},"content":{"rendered":"<p>Pa\u00f1al de tela ecol\u00f3gico sistema de bolsillo, realizados en tela impermeable pero respirable por fuera, denominada Pul.<\/p>\n<p>El interior es de tela poli\u00e9ster con tratamiento para el efecto siempre seco, \u00e9sta permite que el pis pase y la humedad quede dentro del pa\u00f1al, es s\u00faper suave y absorbente. No lastima la colita del beb\u00e9 ya que son telas hipoalerg\u00e9nicas y no contienen ning\u00fan tipo de qu\u00edmicos como los pa\u00f1ales descartables.<\/p>\n<p>En su interior posee una abertura con forma de bolsillo para colocar los absorbentes. Incluye 2 insertos absorbentes de 4 capas de absorci\u00f3n, 3 capas de microfibra y una de algod\u00f3n exterior en contacto con la piel.<\/p>\n<p>Talle \u00fanico ajustable de 3 a 15 kg dependiendo la contextura del beb\u00e9. Por ser unitalla, cuenta con una doble fila de snaps en cintura y triple fila en tiro, que permiten un mejor ajuste en ambos sectores, seg\u00fan el tama\u00f1o del beb\u00e9.<\/p>\n<p>Varios modelos disponibles.<\/p>\n","protected":false},"excerpt":{"rendered":"<p>Pa\u00f1al de tela ecol\u00f3gico sistema de bolsillo con 1 inserto absorbente de 4 capas de absorci\u00f3n.<\/p>\n","protected":false},"featured_media":935,"comment_status":"open","ping_status":"closed","template":"","meta":{"site-sidebar-layout":"default","site-content-layout":"default","ast-global-header-display":"","ast-main-header-display":"","ast-hfb-above-header-display":"","ast-hfb-below-header-display":"","ast-hfb-mobile-header-display":"","site-post-title":"","ast-breadcrumbs-content":"","ast-featured-img":"","footer-sml-layout":"","theme-transparent-header-meta":"default","adv-header-id-meta":"","stick-header-meta":"","header-above-stick-meta":"","header-main-stick-meta":"","header-below-stick-meta":""},"product_cat":[21],"product_tag":[],"class_list":{"0":"post-926","1":"product","2":"type-product","3":"status-publish","4":"has-post-thumbnail","6":"product_cat-panales-tela","7":"pa_color-amarillo","8":"pa_color-azul","9":"pa_color-celeste","10":"pa_color-gris","11":"pa_color-verde","12":"pa_color-verde-oscuro","13":"pa_color-violeta","15":"first","16":"instock","17":"shipping-taxable","18":"purchasable","19":"product-type-variable","20":"has-default-attributes"},"jetpack_sharing_enabled":true,"jetpack-related-posts":[],"_links":{"self":[{"href":"https:\/\/www.mamabag.com.ar\/confiaentumagia\/wp-json\/wp\/v2\/product\/926"}],"collection":[{"href":"https:\/\/www.mamabag.com.ar\/confiaentumagia\/wp-json\/wp\/v2\/product"}],"about":[{"href":"https:\/\/www.mamabag.com.ar\/confiaentumagia\/wp-json\/wp\/v2\/types\/product"}],"replies":[{"embeddable":true,"href":"https:\/\/www.mamabag.com.ar\/confiaentumagia\/wp-json\/wp\/v2\/comments?post=926"}],"wp:featuredmedia":[{"embeddable":true,"href":"https:\/\/www.mamabag.com.ar\/confiaentumagia\/wp-json\/wp\/v2\/media\/935"}],"wp:attachment":[{"href":"https:\/\/www.mamabag.com.ar\/confiaentumagia\/wp-json\/wp\/v2\/media?parent=926"}],"wp:term":[{"taxonomy":"product_cat","embeddable":true,"href":"https:\/\/www.mamabag.com.ar\/confiaentumagia\/wp-json\/wp\/v2\/product_cat?post=926"},{"taxonomy":"product_tag","embeddable":true,"href":"https:\/\/www.mamabag.com.ar\/confiaentumagia\/wp-json\/wp\/v2\/product_tag?post=926"}],"curies":[{"name":"wp","href":"https:\/\/api.w.org\/{rel}","templated":true}]}}