{"id":901,"date":"2021-11-25T08:32:51","date_gmt":"2021-11-25T11:32:51","guid":{"rendered":"https:\/\/www.mamabag.com.ar\/confiaentumagia\/?post_type=product&#038;p=901"},"modified":"2024-04-12T14:37:56","modified_gmt":"2024-04-12T17:37:56","slug":"901","status":"publish","type":"product","link":"https:\/\/www.mamabag.com.ar\/confiaentumagia\/producto\/901\/","title":{"rendered":"Pa\u00f1al de pileta Nic"},"content":{"rendered":"<p>Pa\u00f1al de tela ecol\u00f3gico para pileta. Est\u00e1n realizados en su totalidad con tela doble lycra con factor de protecci\u00f3n UV 50.<\/p>\n<p>Talle \u00fanico ajustable de 7 a 22 kg dependiendo la contextura del beb\u00e9.<\/p>\n<p>Varios modelos disponibles.<\/p>\n","protected":false},"excerpt":{"rendered":"<p>Pa\u00f1al de tela ecol\u00f3gico para pileta.<\/p>\n","protected":false},"featured_media":908,"comment_status":"open","ping_status":"closed","template":"","meta":{"site-sidebar-layout":"default","site-content-layout":"default","ast-global-header-display":"","ast-main-header-display":"","ast-hfb-above-header-display":"","ast-hfb-below-header-display":"","ast-hfb-mobile-header-display":"","site-post-title":"","ast-breadcrumbs-content":"","ast-featured-img":"","footer-sml-layout":"","theme-transparent-header-meta":"default","adv-header-id-meta":"","stick-header-meta":"","header-above-stick-meta":"","header-main-stick-meta":"","header-below-stick-meta":""},"product_cat":[21],"product_tag":[],"class_list":{"0":"post-901","1":"product","2":"type-product","3":"status-publish","4":"has-post-thumbnail","6":"product_cat-panales-tela","7":"pa_color-azul","8":"pa_color-celeste","9":"pa_color-rojo","10":"pa_color-violeta","12":"first","13":"instock","14":"shipping-taxable","15":"purchasable","16":"product-type-variable","17":"has-default-attributes"},"jetpack_sharing_enabled":true,"jetpack-related-posts":[],"_links":{"self":[{"href":"https:\/\/www.mamabag.com.ar\/confiaentumagia\/wp-json\/wp\/v2\/product\/901"}],"collection":[{"href":"https:\/\/www.mamabag.com.ar\/confiaentumagia\/wp-json\/wp\/v2\/product"}],"about":[{"href":"https:\/\/www.mamabag.com.ar\/confiaentumagia\/wp-json\/wp\/v2\/types\/product"}],"replies":[{"embeddable":true,"href":"https:\/\/www.mamabag.com.ar\/confiaentumagia\/wp-json\/wp\/v2\/comments?post=901"}],"wp:featuredmedia":[{"embeddable":true,"href":"https:\/\/www.mamabag.com.ar\/confiaentumagia\/wp-json\/wp\/v2\/media\/908"}],"wp:attachment":[{"href":"https:\/\/www.mamabag.com.ar\/confiaentumagia\/wp-json\/wp\/v2\/media?parent=901"}],"wp:term":[{"taxonomy":"product_cat","embeddable":true,"href":"https:\/\/www.mamabag.com.ar\/confiaentumagia\/wp-json\/wp\/v2\/product_cat?post=901"},{"taxonomy":"product_tag","embeddable":true,"href":"https:\/\/www.mamabag.com.ar\/confiaentumagia\/wp-json\/wp\/v2\/product_tag?post=901"}],"curies":[{"name":"wp","href":"https:\/\/api.w.org\/{rel}","templated":true}]}}