{"id":862,"date":"2021-11-23T14:49:58","date_gmt":"2021-11-23T17:49:58","guid":{"rendered":"https:\/\/www.mamabag.com.ar\/confiaentumagia\/?post_type=product&#038;p=862"},"modified":"2024-04-12T14:39:13","modified_gmt":"2024-04-12T17:39:13","slug":"nonibag-sueno-del-bebe","status":"publish","type":"product","link":"https:\/\/www.mamabag.com.ar\/confiaentumagia\/producto\/nonibag-sueno-del-bebe\/","title":{"rendered":"Nonibag"},"content":{"rendered":"<p>Kit ideal para acompa\u00f1ar el sue\u00f1o del beb\u00e9<span style=\"font-weight: 400;\">\u00a0con productos que pueden ayudar a calmar sus miedos.<\/span><\/p>\n<p>-Contenido<\/p>\n<p>Chupete 0-6 Meses Twistshake. Fue desarrollado para tranquilizar al beb\u00e9 con su protector perfectamente adaptado. No contienen BPA, BPS ni BPF.<\/p>\n<p>Mu\u00f1eco de apego.<\/p>\n<p>Luz de noche led de plastico de 20cm.<\/p>\n<p>Manta de gabardina o polar soft con interior de corderito. Segun modelo seleccionado.<\/p>\n<p>El kit est\u00e1 sujeto a stock en colores y motivos al momento de la compra.<\/p>\n","protected":false},"excerpt":{"rendered":"<p>Kit ideal para acoma\u00f1ar el sue\u00f1o del beb\u00e9.<\/p>\n","protected":false},"featured_media":864,"comment_status":"open","ping_status":"closed","template":"","meta":{"site-sidebar-layout":"default","site-content-layout":"default","ast-global-header-display":"","ast-main-header-display":"","ast-hfb-above-header-display":"","ast-hfb-below-header-display":"","ast-hfb-mobile-header-display":"","site-post-title":"","ast-breadcrumbs-content":"","ast-featured-img":"","footer-sml-layout":"","theme-transparent-header-meta":"default","adv-header-id-meta":"","stick-header-meta":"","header-above-stick-meta":"","header-main-stick-meta":"","header-below-stick-meta":""},"product_cat":[19],"product_tag":[],"class_list":{"0":"post-862","1":"product","2":"type-product","3":"status-publish","4":"has-post-thumbnail","6":"product_cat-baby-kits","7":"pa_color-blanco","8":"pa_color-gris","9":"pa_color-negro","11":"first","12":"instock","13":"featured","14":"shipping-taxable","15":"purchasable","16":"product-type-variable"},"jetpack_sharing_enabled":true,"jetpack-related-posts":[],"_links":{"self":[{"href":"https:\/\/www.mamabag.com.ar\/confiaentumagia\/wp-json\/wp\/v2\/product\/862"}],"collection":[{"href":"https:\/\/www.mamabag.com.ar\/confiaentumagia\/wp-json\/wp\/v2\/product"}],"about":[{"href":"https:\/\/www.mamabag.com.ar\/confiaentumagia\/wp-json\/wp\/v2\/types\/product"}],"replies":[{"embeddable":true,"href":"https:\/\/www.mamabag.com.ar\/confiaentumagia\/wp-json\/wp\/v2\/comments?post=862"}],"wp:featuredmedia":[{"embeddable":true,"href":"https:\/\/www.mamabag.com.ar\/confiaentumagia\/wp-json\/wp\/v2\/media\/864"}],"wp:attachment":[{"href":"https:\/\/www.mamabag.com.ar\/confiaentumagia\/wp-json\/wp\/v2\/media?parent=862"}],"wp:term":[{"taxonomy":"product_cat","embeddable":true,"href":"https:\/\/www.mamabag.com.ar\/confiaentumagia\/wp-json\/wp\/v2\/product_cat?post=862"},{"taxonomy":"product_tag","embeddable":true,"href":"https:\/\/www.mamabag.com.ar\/confiaentumagia\/wp-json\/wp\/v2\/product_tag?post=862"}],"curies":[{"name":"wp","href":"https:\/\/api.w.org\/{rel}","templated":true}]}}