{"id":1029,"date":"2021-11-28T09:12:44","date_gmt":"2021-11-28T12:12:44","guid":{"rendered":"https:\/\/www.mamabag.com.ar\/confiaentumagia\/?post_type=product&#038;p=1029"},"modified":"2024-04-12T14:18:42","modified_gmt":"2024-04-12T17:18:42","slug":"glam-magicbag","status":"publish","type":"product","link":"https:\/\/www.mamabag.com.ar\/confiaentumagia\/producto\/glam-magicbag\/","title":{"rendered":"Glam Magicbag"},"content":{"rendered":"<p>Bolsillo frontal con compartimiento t\u00e9rmico para mamaderas o botellitas. Mantiene el frio y el calor.<br \/>\n1 bolsillo en la parte posterior de f\u00e1cil acceso, con cierre para guardar el cambiador, toallitas y alg\u00fan pa\u00f1al.<br \/>\n2 bolsillos laterales.<br \/>\nInterior impermeable con divisiones.<\/p>\n<p>Mochila maternal de microfibra impermable posee bolsillo frontal con compartimiento t\u00e9rmico extraible para mamaderas o botellitas. Mantiene el frio y el calor. Se puede retirar cuando ya no se necesite.<br \/>\nUn\u00a0bolsillo en la parte posterior de f\u00e1cil acceso, con cierre para guardar el cambiador, toallitas y alg\u00fan pa\u00f1al.<br \/>\nDos\u00a0bolsillos laterales.<br \/>\nInterior impermeable con divisiones<br \/>\nMedidas: 42cm alto x 31cm ancho x 17cm profundidad.<\/p>\n","protected":false},"excerpt":{"rendered":"<p style=\"font-weight: 500\">Mochila maternal impermeable de microfibra con cambiador.<\/p>\n","protected":false},"featured_media":1035,"comment_status":"open","ping_status":"closed","template":"","meta":{"site-sidebar-layout":"default","site-content-layout":"default","ast-global-header-display":"","ast-main-header-display":"","ast-hfb-above-header-display":"","ast-hfb-below-header-display":"","ast-hfb-mobile-header-display":"","site-post-title":"","ast-breadcrumbs-content":"","ast-featured-img":"","footer-sml-layout":"","theme-transparent-header-meta":"default","adv-header-id-meta":"","stick-header-meta":"","header-above-stick-meta":"","header-main-stick-meta":"","header-below-stick-meta":""},"product_cat":[55],"product_tag":[],"class_list":{"0":"post-1029","1":"product","2":"type-product","3":"status-publish","4":"has-post-thumbnail","6":"product_cat-magicbag","7":"pa_color-azul","8":"pa_color-fucsia","9":"pa_color-gris","11":"first","12":"outofstock","13":"shipping-taxable","14":"purchasable","15":"product-type-simple"},"jetpack_sharing_enabled":true,"jetpack-related-posts":[],"_links":{"self":[{"href":"https:\/\/www.mamabag.com.ar\/confiaentumagia\/wp-json\/wp\/v2\/product\/1029"}],"collection":[{"href":"https:\/\/www.mamabag.com.ar\/confiaentumagia\/wp-json\/wp\/v2\/product"}],"about":[{"href":"https:\/\/www.mamabag.com.ar\/confiaentumagia\/wp-json\/wp\/v2\/types\/product"}],"replies":[{"embeddable":true,"href":"https:\/\/www.mamabag.com.ar\/confiaentumagia\/wp-json\/wp\/v2\/comments?post=1029"}],"wp:featuredmedia":[{"embeddable":true,"href":"https:\/\/www.mamabag.com.ar\/confiaentumagia\/wp-json\/wp\/v2\/media\/1035"}],"wp:attachment":[{"href":"https:\/\/www.mamabag.com.ar\/confiaentumagia\/wp-json\/wp\/v2\/media?parent=1029"}],"wp:term":[{"taxonomy":"product_cat","embeddable":true,"href":"https:\/\/www.mamabag.com.ar\/confiaentumagia\/wp-json\/wp\/v2\/product_cat?post=1029"},{"taxonomy":"product_tag","embeddable":true,"href":"https:\/\/www.mamabag.com.ar\/confiaentumagia\/wp-json\/wp\/v2\/product_tag?post=1029"}],"curies":[{"name":"wp","href":"https:\/\/api.w.org\/{rel}","templated":true}]}}