{"id":1019,"date":"2021-11-28T08:47:39","date_gmt":"2021-11-28T11:47:39","guid":{"rendered":"https:\/\/www.mamabag.com.ar\/confiaentumagia\/?post_type=product&#038;p=1019"},"modified":"2024-04-12T14:18:22","modified_gmt":"2024-04-12T17:18:22","slug":"mochila_maternal_impermeable_pinky","status":"publish","type":"product","link":"https:\/\/www.mamabag.com.ar\/confiaentumagia\/producto\/mochila_maternal_impermeable_pinky\/","title":{"rendered":"Pinky Magicbag"},"content":{"rendered":"<p>Posee bolsillo frontal con compartimiento t\u00e9rmico extraible para mamaderas o botellitas. Mantiene el frio y el calor. Se puede retirar cuando ya no se necesite.<br \/>\nUn\u00a0bolsillo en la parte posterior de f\u00e1cil acceso, con cierre para guardar el cambiador, toallitas y alg\u00fan pa\u00f1al.<br \/>\nDos\u00a0bolsillos laterales.<br \/>\nInterior impermeable con divisiones<\/p>\n<p>Bolsillo frontal con compartimiento t\u00e9rmico para mamaderas o botellitas. Mantiene el frio y el calor.<\/p>\n<p>Cambiador incluido.<\/p>\n<p>1 bolsillo en la parte posterior de f\u00e1cil acceso, con cierre para guardar el cambiador, toallitas y alg\u00fan pa\u00f1al.<br \/>\n2 bolsillos laterales.<br \/>\nInterior impermeable con divisiones.<\/p>\n<p>Medidas: 42cm alto x 31cm ancho x 17cm profundidad.<\/p>\n","protected":false},"excerpt":{"rendered":"<p>Mochila maternal impermeable de microfibra con cambiador.<\/p>\n","protected":false},"featured_media":352,"comment_status":"open","ping_status":"closed","template":"","meta":{"site-sidebar-layout":"default","site-content-layout":"default","ast-global-header-display":"","ast-main-header-display":"","ast-hfb-above-header-display":"","ast-hfb-below-header-display":"","ast-hfb-mobile-header-display":"","site-post-title":"","ast-breadcrumbs-content":"","ast-featured-img":"","footer-sml-layout":"","theme-transparent-header-meta":"default","adv-header-id-meta":"","stick-header-meta":"","header-above-stick-meta":"","header-main-stick-meta":"","header-below-stick-meta":""},"product_cat":[55],"product_tag":[],"class_list":{"0":"post-1019","1":"product","2":"type-product","3":"status-publish","4":"has-post-thumbnail","6":"product_cat-magicbag","7":"pa_color-azul","8":"pa_color-fucsia","9":"pa_color-gris","11":"first","12":"instock","13":"shipping-taxable","14":"purchasable","15":"product-type-simple"},"jetpack_sharing_enabled":true,"jetpack-related-posts":[],"_links":{"self":[{"href":"https:\/\/www.mamabag.com.ar\/confiaentumagia\/wp-json\/wp\/v2\/product\/1019"}],"collection":[{"href":"https:\/\/www.mamabag.com.ar\/confiaentumagia\/wp-json\/wp\/v2\/product"}],"about":[{"href":"https:\/\/www.mamabag.com.ar\/confiaentumagia\/wp-json\/wp\/v2\/types\/product"}],"replies":[{"embeddable":true,"href":"https:\/\/www.mamabag.com.ar\/confiaentumagia\/wp-json\/wp\/v2\/comments?post=1019"}],"wp:featuredmedia":[{"embeddable":true,"href":"https:\/\/www.mamabag.com.ar\/confiaentumagia\/wp-json\/wp\/v2\/media\/352"}],"wp:attachment":[{"href":"https:\/\/www.mamabag.com.ar\/confiaentumagia\/wp-json\/wp\/v2\/media?parent=1019"}],"wp:term":[{"taxonomy":"product_cat","embeddable":true,"href":"https:\/\/www.mamabag.com.ar\/confiaentumagia\/wp-json\/wp\/v2\/product_cat?post=1019"},{"taxonomy":"product_tag","embeddable":true,"href":"https:\/\/www.mamabag.com.ar\/confiaentumagia\/wp-json\/wp\/v2\/product_tag?post=1019"}],"curies":[{"name":"wp","href":"https:\/\/api.w.org\/{rel}","templated":true}]}}