{"id":621,"date":"2021-10-18T08:26:34","date_gmt":"2021-10-18T11:26:34","guid":{"rendered":"https:\/\/www.mamabag.com.ar\/confiaentumagia\/?page_id=621"},"modified":"2022-03-01T17:49:49","modified_gmt":"2022-03-01T20:49:49","slug":"terminos","status":"publish","type":"page","link":"https:\/\/www.mamabag.com.ar\/confiaentumagia\/terminos\/","title":{"rendered":"Terminos"},"content":{"rendered":"\t\t<div data-elementor-type=\"wp-page\" data-elementor-id=\"621\" class=\"elementor elementor-621\">\n\t\t\t\t\t\t<section class=\"elementor-section elementor-top-section elementor-element elementor-element-2af43af1 elementor-section-height-min-height elementor-section-boxed elementor-section-height-default elementor-section-items-middle\" data-id=\"2af43af1\" data-element_type=\"section\" data-settings=\"{&quot;background_background&quot;:&quot;classic&quot;,&quot;animation&quot;:&quot;none&quot;}\">\n\t\t\t\t\t\t<div class=\"elementor-container elementor-column-gap-default\">\n\t\t\t\t\t<div class=\"elementor-column elementor-col-100 elementor-top-column elementor-element elementor-element-dc94c1e\" data-id=\"dc94c1e\" data-element_type=\"column\" data-settings=\"{&quot;animation&quot;:&quot;none&quot;,&quot;background_background&quot;:&quot;classic&quot;}\">\n\t\t\t<div class=\"elementor-widget-wrap elementor-element-populated\">\n\t\t\t\t\t<div class=\"elementor-background-overlay\"><\/div>\n\t\t\t\t\t\t<div class=\"elementor-element elementor-element-7626c13 elementor-widget__width-inherit elementor-widget elementor-widget-heading\" data-id=\"7626c13\" data-element_type=\"widget\" data-settings=\"{&quot;_animation&quot;:&quot;none&quot;}\" data-widget_type=\"heading.default\">\n\t\t\t\t<div class=\"elementor-widget-container\">\n\t\t\t<style>\/*! elementor - v3.23.0 - 05-08-2024 *\/\n.elementor-heading-title{padding:0;margin:0;line-height:1}.elementor-widget-heading .elementor-heading-title[class*=elementor-size-]>a{color:inherit;font-size:inherit;line-height:inherit}.elementor-widget-heading .elementor-heading-title.elementor-size-small{font-size:15px}.elementor-widget-heading .elementor-heading-title.elementor-size-medium{font-size:19px}.elementor-widget-heading .elementor-heading-title.elementor-size-large{font-size:29px}.elementor-widget-heading .elementor-heading-title.elementor-size-xl{font-size:39px}.elementor-widget-heading .elementor-heading-title.elementor-size-xxl{font-size:59px}<\/style><h2 class=\"elementor-heading-title elementor-size-default\">Politica de privacidad<\/h2>\t\t<\/div>\n\t\t\t\t<\/div>\n\t\t\t\t\t<\/div>\n\t\t<\/div>\n\t\t\t\t\t<\/div>\n\t\t<\/section>\n\t\t\t\t<section class=\"elementor-section elementor-top-section elementor-element elementor-element-7fb1a3 elementor-section-content-middle elementor-section-boxed elementor-section-height-default elementor-section-height-default\" data-id=\"7fb1a3\" data-element_type=\"section\">\n\t\t\t\t\t\t\t<div class=\"elementor-background-overlay\"><\/div>\n\t\t\t\t\t\t\t<div class=\"elementor-container elementor-column-gap-default\">\n\t\t\t\t\t<div class=\"elementor-column elementor-col-100 elementor-top-column elementor-element elementor-element-5c24d7b9\" data-id=\"5c24d7b9\" data-element_type=\"column\">\n\t\t\t<div class=\"elementor-widget-wrap elementor-element-populated\">\n\t\t\t\t\t\t<div class=\"elementor-element elementor-element-1f2cab7d elementor-widget-tablet__width-inherit elementor-widget elementor-widget-text-editor\" data-id=\"1f2cab7d\" data-element_type=\"widget\" data-widget_type=\"text-editor.default\">\n\t\t\t\t<div class=\"elementor-widget-container\">\n\t\t\t<style>\/*! elementor - v3.23.0 - 05-08-2024 *\/\n.elementor-widget-text-editor.elementor-drop-cap-view-stacked .elementor-drop-cap{background-color:#69727d;color:#fff}.elementor-widget-text-editor.elementor-drop-cap-view-framed .elementor-drop-cap{color:#69727d;border:3px solid;background-color:transparent}.elementor-widget-text-editor:not(.elementor-drop-cap-view-default) .elementor-drop-cap{margin-top:8px}.elementor-widget-text-editor:not(.elementor-drop-cap-view-default) .elementor-drop-cap-letter{width:1em;height:1em}.elementor-widget-text-editor .elementor-drop-cap{float:left;text-align:center;line-height:1;font-size:50px}.elementor-widget-text-editor .elementor-drop-cap-letter{display:inline-block}<\/style>\t\t\t\t<h2 class=\"sh-asc-h2\" lang=\"es\" style=\"font-style: normal;\">T\u00e9rminos y Condiciones para el uso del sitio www.mamabag.com.ar<\/h2>\t\t\t\t\t\t<\/div>\n\t\t\t\t<\/div>\n\t\t\t\t<div class=\"elementor-element elementor-element-053fc51 elementor-widget-tablet__width-inherit elementor-widget elementor-widget-text-editor\" data-id=\"053fc51\" data-element_type=\"widget\" data-widget_type=\"text-editor.default\">\n\t\t\t\t<div class=\"elementor-widget-container\">\n\t\t\t\t\t\t\t<p><strong>Los presentes t\u00e9rminos y condiciones generales (en adelante, los \u201cT\u00e9rminos y Condiciones\u201d) regular\u00e1n y ser\u00e1n de aplicaci\u00f3n a la navegaci\u00f3n de la p\u00e1gina web www.mamabag.com.ar y todos los actos que puedan efectuarse en virtud del uso de la misma.<\/strong><\/p><p>1\u2013 Aceptaci\u00f3n de los t\u00e9rminos y condiciones<br \/>Tanto la navegaci\u00f3n como el uso de la p\u00e1gina web www.mamabag.com.ar (en adelante sitio online) implican el conocimiento y la aceptaci\u00f3n de los t\u00e9rminos y condiciones. En caso contrario el usuario deber\u00e1 abstenerse de utilizar el sitio online y\/o los servicios por \u00e9l ofrecidos. Por \u201cusuario\u201d se entiende tanto a los registrados como a los visitantes.<\/p><p>2\u2013 Modificaci\u00f3n<br \/>Los T\u00e9rminos y Condiciones podr\u00e1n ser sustituidos o sufrir modificaciones en cualquier momento exclusivo por MA MA BAG y no se requerir\u00e1 a los usuarios su consentimiento. Para las transacciones en curso que hayan comenzado con anterioridad a dichas modificaciones, seguir\u00e1n las condiciones vigentes al momento de su concertaci\u00f3n, a menos que las nuevas modificaciones introducidas fueran m\u00e1s convenientes para el usuario. MA MA BAG pondr\u00e1 un aviso en el sitio online y redes sociales avisando a los usuarios sobre estos cambios, durante un tiempo razonable. Sin perjuicio de lo anterior, los usuarios son responsables de leer estos T\u00e9rminos y Condiciones cada vez que ingresen al sitio online para ver si han sufrido modificaciones.<\/p><p>3\u2013 Interrupciones en el servicio<br \/>MA MA BAG se reserva el derecho de interrumpir, suspender o modificar en cualquier momento los servicios ofrecidos en el presente sitio online, ya sea en forma permanente o transitoria. Sin requerir la conformidad de los usuarios, ni ser\u00e1 necesario aviso previo alguno.<br \/>MA MA BAG no garantiza que el sitio online se encuentre libre de virus, o cualquier otro elemento que pueda llegar a da\u00f1ar o alterar el normal funcionamiento de un ordenador. Es responsabilidad del usuario contar con las herramientas adecuadas para detectar, desinfectar y\/o prevenir cualquier tipo de elementos y\/o posibles da\u00f1os de esta naturaleza.<\/p><p>4\u2013 Registros<br \/>La registraci\u00f3n es gratuita en el sitio online. Es obligatorio completar el formulario en todos los campos con datos v\u00e1lidos y verdaderos. Para un correcto funcionamiento del sistema, es necesario que los usuarios mantengan sus datos actualizados. MA MA BAG podr\u00e1 proceder a verificar la identidad del usuario y\/o de los datos consignados por \u00e9ste.<br \/>MA MA BAG no se responsabiliza por la veracidad o certeza de los datos provistos por los usuarios. Asimismo, MA MA BAG se reserva el derecho de suspender temporal o definitivamente a los usuarios en caso de incumplimiento de los t\u00e9rminos y condiciones, como as\u00ed tambi\u00e9n de rechazar solicitudes.<br \/>Los usuarios acceder\u00e1n a su cuenta personal (\u201cMi cuenta\u201d) mediante un nombre de usuario y una clave personal. En caso de que estos datos sean olvidados por el usuario, MA MA BAG cuenta con un servicio de ayuda para recuperarlos. El nombre de usuario y clave son proporcionados por cada usuario siendo estos responsables por el uso y transmisi\u00f3n de esos datos asumiendo las consecuencias de la divulgaci\u00f3n de los mismos.<\/p><p>5\u2013 Datos personales<br \/>A efectos de requerir los servicios ofrecidos en el sitio online los usuarios deben brindar ciertos datos personales (nombre y apellido, domicilio, cuenta de e-mail, documento de identidad, entre otros) los que se incorporar\u00e1n a una base de datos con los alcances de la ley 25.326 imperante en la Rep\u00fablica Argentina. Los datos referidos a las tarjetas de cr\u00e9dito son encriptados, asegurando as\u00ed que se mantengan en total confidencialidad y no puedan ser vistos por otras personas.<br \/>Al registrarse en el sitio online y formar parte de la base general de clientes, los usuarios aceptan que MA MA BAG se comunique con ellos mediante correos electr\u00f3nico o v\u00eda telef\u00f3nica para enviar informaci\u00f3n que la empresa considere, que pueda ser de su inter\u00e9s, incluyendo publicidad e informaci\u00f3n sobre ofertas y promociones. En caso de que los usuarios no deseen ser contactados con estos fines, podr\u00e1n manifest\u00e1rselo fehacientemente a MA MA BAG quien proceder\u00e1 a interrumpir este tipo de comunicaciones en el menor tiempo posible.<\/p><p>6\u2013 Cookies<br \/>El sitio online puede utilizar un sistema de seguimiento mediante \u201ccookies\u201d, para que el acceso a la informaci\u00f3n, al pasar de p\u00e1gina en p\u00e1gina, se realice con mayor rapidez. Tambi\u00e9n ayuda en algunos casos a identificar a los usuarios, sin necesidad de solicitarles la clave de acceso una y otra vez. Estas cookies son peque\u00f1os archivos que env\u00eda la p\u00e1gina visitada y se alojan en el disco duro del ordenador, ocupando poco espacio.<br \/>Se hace saber a los usuarios que utilizando las opciones de su navegador podr\u00e1n limitar o restringir seg\u00fan su voluntad el alojamiento de estas \u201ccookies\u201d, aunque es desaconsejable restringirlas totalmente. El sistema podr\u00e1 recoger informaci\u00f3n sobre sus preferencias e intereses. En el caso de que esto ocurra, la informaci\u00f3n ser\u00e1 utilizada exclusivamente con fines estad\u00edsticos para mejorar los servicios que se prestan en el sitio online.<\/p><p>7\u2013 Disponibilidad de los productos ofrecidos<br \/>La venta de los productos se encuentra sujeta a disponibilidad, en caso de que el o los productos seleccionados se encontraran agotados o demorados, MA MA BAG se comunicar\u00e1 con el usuario y lo invitar\u00e1 a que elija una de las siguientes opciones:<br \/>Continuar esperando la entrega del producto elegido (en caso de demora);<br \/>Cancelaci\u00f3n de la compra y devoluci\u00f3n del importe por el medio de pago original;<br \/>Optar por un producto alternativo que le ofrezca MA MA BAG para el caso particular;<br \/>En el caso de que el usuario opte por el producto alternativo que le ofrece MA MA BAG \u00e9ste deber\u00e1 contener caracter\u00edsticas iguales o superiores. En ning\u00fan caso se le pedir\u00e1 al usuario que abone sumas suplementarias o que se haga cargo de las diferencias, salvo que el producto alternativo ofrecido por MA MA BAG y elegido por el usuario sea de caracter\u00edsticas ampliamente superiores y costosas al solicitado originalmente.<br \/>Para las situaciones contempladas en este apartado, el usuario tendr\u00e1 un plazo de diez d\u00edas para elegir una de las opciones mencionadas. En caso de que el usuario no responda, MA MA BAG podr\u00e1 presumir que ha optado por la cancelaci\u00f3n de la compra, y proceder\u00e1 a la devoluci\u00f3n del importe abonado.<\/p><p>8\u2013 Devoluci\u00f3n del importe de la compra<br \/>El reintegro puede demorar algunos d\u00edas, debido a plazos y cuestiones administrativas. Para los casos de devoluci\u00f3n v\u00eda dep\u00f3sito bancario, la cuenta bancaria deber\u00e1 estar a nombre del titular de la cuenta de usuario desde donde se haya realizado la operaci\u00f3n. En caso de que no coincidan las titularidades, se requerir\u00e1 la expresa autorizaci\u00f3n del titular de la cuenta de usuario como condici\u00f3n indispensable previa al dep\u00f3sito.<\/p><p>9\u2013 Promociones<br \/>Las ofertas y promociones de productos que se difundan tendr\u00e1n validez desde la fecha indicada hasta la de finalizaci\u00f3n de la oferta. Los t\u00e9rminos y condiciones de las mismas ser\u00e1n comunicados en el sitio online, y estar\u00e1n siempre sujetas a la existencia en stock de los productos ofrecidos.<\/p><p>10\u2013Devoluci\u00f3n de los productos<br \/>(El consumidor tiene derecho a revocar la operaci\u00f3n comercial durante el plazo de DIEZ (10) d\u00edas corridos, contados a partir de la fecha en que se entregue la cosa o se celebre el contrato, lo \u00faltimo que ocurra, sin responsabilidad alguna. Esta facultad no puede ser dispensada ni renunciada. El consumidor comunicar\u00e1 fehacientemente dicha revocaci\u00f3n a MA MA BAG y pondr\u00e1 la cosa a su disposici\u00f3n. Para ejercer el derecho de revocaci\u00f3n el consumidor deber\u00e1 poner la cosa a disposici\u00f3n del vendedor sin haberla usado y manteni\u00e9ndola en el mismo estado en que la recibi\u00f3, debiendo restituir MA MA BAG al consumidor los importes recibidos. Asimismo, el consumidor deber\u00e1 presentar junto con el producto la correspondiente factura de compra y el packaging original.<\/p><p>11\u2013 Precios y moneda<br \/>Todos los precios en el sitio online est\u00e1n expresados en pesos argentinos, moneda de curso legal de la Rep\u00fablica Argentina.<\/p><p>12\u2013 Medios de pago<br \/>Pod\u00e9s pagar a trav\u00e9s de MERCADO PAGO con tarjetas de cr\u00e9dito VISA, MASTERCARD, AMERICAN EXPRESS (entre otras) o en efectivo. Tambi\u00e9n pod\u00e9s coordinar con nosotros y hacerlo por transferencia bancaria.<\/p><p>13\u2013 Env\u00edo de producto. Tiempo de entrega<br \/>Las entregas se realizar\u00e1n a trav\u00e9s del servicio de OCA- CORREO ARGENTINO y DHL en la direcci\u00f3n que el usuario indique.<br \/>El tiempo de entrega depende de la disponibilidad del producto, del tiempo de env\u00edo y de la aprobaci\u00f3n del medio de pago. Los d\u00edas que se indiquen son estimativos.<br \/>Al realizar una compra, el usuario recibe en su casilla de correo electr\u00f3nico con un n\u00famero de orden. Para calcular el gasto de env\u00edo y el tiempo que demandar\u00e1 la entrega, el usuario puede cargar su c\u00f3digo postal tanto en la ficha del producto, como en la bolsa de compras y calcular el costo y tiempo de env\u00edo.<\/p><p>14\u2013 Gastos de env\u00edo<br \/>El Usuario ser\u00e1 claramente informado de los costos de entrega antes de realizar la compra. Estos costos son calculados en funci\u00f3n del peso total y\/o el volumen total del env\u00edo, y tambi\u00e9n dependen de la zona del domicilio de entrega. Los costos de env\u00edo ser\u00e1n discriminados como \u00edtem separado dentro de la factura. MA MA BAG.<br \/>Si el producto es retirado en nuestros puntos de retiro no se abonar\u00e1 costo de env\u00edo. Lo mismo ocurre con los prodcutos que tienen env\u00edo gratis.<\/p><p>15\u2013 Horarios y lugar de entrega<br \/>Se te dar\u00e1 aviso v\u00eda email cuando el producto est\u00e9 listo para retirar. Aproximadamente 48hs h\u00e1biles.\u00a0<span style=\"font-style: inherit; font-weight: inherit;\">Debe presentar DNI, impresi\u00f3n del mail de confirmaci\u00f3n de compra y de mail de confirmaci\u00f3n de pago.\u00a0<\/span><span style=\"font-style: inherit; font-weight: inherit;\">Los productos ser\u00e1n entregados\u00a0 en horarios a convenIr en caso de querer retirarlos por los puntos de retiro.<\/span><\/p><p>16\u2013 Facturaci\u00f3n<br \/>Junto con el producto ser\u00e1 remitida la factura correspondiente.<\/p><p>17\u2013 Cancelaci\u00f3n de \u00f3rdenes de compra<br \/>Sin perjuicio de lo establecido en el punto 15, el usuario podr\u00e1 cancelar una orden, siempre y cuando \u00e9sta no haya sido a\u00fan despachada. Para esto deber\u00e1 ponerse en contacto con MA MA BAG dentro de las 24 horas de realizada la compra enviando un mail a info@mamabag.com.ar.<br \/>Si la cancelaci\u00f3n de la compra es total, se reintegrar\u00e1 el importe mediante el medio de pago que se utiliz\u00f3 para abonar, o se le podr\u00e1 dejar como cr\u00e9dito para realizar la compra de otro producto.<\/p><p>18\u2013 Derechos reservados. Propiedad Intelectual<br \/>Todos los derechos del presente sitio online est\u00e1n reservados y corresponden a MA MA BAG. El contenido del presente sitio online, incluyendo textos, logos, gr\u00e1ficos, fotos y todo el dise\u00f1o en general, as\u00ed como su base de datos y software, es de propiedad de MA MA BAG o tiene derecho a usarlo en virtud de licencias de uso otorgadas y se encuentra protegido por las legislaci\u00f3n nacional e internacional vigente sobre propiedad intelectual.<\/p><p>19\u2013 Notificaciones<br \/>Todas las notificaciones y\/o comunicaciones que deban efectuarse por el uso de sitio online bajo estos t\u00e9rminos y condiciones generales, deber\u00e1n realizarse por escrito: (i) al usuario: mediante correo electr\u00f3nico, a la cuenta de correo consignada por \u00e9ste, o por carta documento, al domicilio declarado en el formulario de registraci\u00f3n; (ii) a MA MA BAG a la cuenta de correo electr\u00f3nico info@mamabag.com.ar. o a su domicilio legal.<\/p><p>20\u2013 Jurisdicci\u00f3n y ley aplicable.<br \/>Los presentes t\u00e9rminos y condiciones se encuentran regidos sin excepci\u00f3n y en todos sus puntos por las leyes de la Rep\u00fablica Argentina la jurisdicci\u00f3n competente ser\u00e1n los tribunales ordinarios de la Capital Federal.<\/p>\t\t\t\t\t\t<\/div>\n\t\t\t\t<\/div>\n\t\t\t\t\t<\/div>\n\t\t<\/div>\n\t\t\t\t\t<\/div>\n\t\t<\/section>\n\t\t\t\t<section class=\"elementor-section elementor-top-section elementor-element elementor-element-68aa99be elementor-section-boxed elementor-section-height-default elementor-section-height-default\" data-id=\"68aa99be\" data-element_type=\"section\" data-settings=\"{&quot;background_background&quot;:&quot;classic&quot;}\">\n\t\t\t\t\t\t\t<div class=\"elementor-background-overlay\"><\/div>\n\t\t\t\t\t\t\t<div class=\"elementor-container elementor-column-gap-default\">\n\t\t\t\t\t<div class=\"elementor-column elementor-col-100 elementor-top-column elementor-element elementor-element-363c6122\" data-id=\"363c6122\" data-element_type=\"column\" data-settings=\"{&quot;background_background&quot;:&quot;classic&quot;}\">\n\t\t\t<div class=\"elementor-widget-wrap elementor-element-populated\">\n\t\t\t\t\t\t<div class=\"elementor-element elementor-element-1cd89053 elementor-widget__width-inherit elementor-widget elementor-widget-image\" data-id=\"1cd89053\" data-element_type=\"widget\" data-settings=\"{&quot;_animation&quot;:&quot;none&quot;}\" data-widget_type=\"image.default\">\n\t\t\t\t<div class=\"elementor-widget-container\">\n\t\t\t<style>\/*! elementor - v3.23.0 - 05-08-2024 *\/\n.elementor-widget-image{text-align:center}.elementor-widget-image a{display:inline-block}.elementor-widget-image a img[src$=\".svg\"]{width:48px}.elementor-widget-image img{vertical-align:middle;display:inline-block}<\/style>\t\t\t\t\t\t\t\t\t\t<img decoding=\"async\" width=\"140\" height=\"90\" src=\"https:\/\/www.mamabag.com.ar\/confiaentumagia\/wp-content\/uploads\/2021\/09\/LogoWeb_WP.png\" class=\"attachment-thumbnail size-thumbnail wp-image-69\" alt=\"\" \/>\t\t\t\t\t\t\t\t\t\t\t\t\t<\/div>\n\t\t\t\t<\/div>\n\t\t\t\t\t<\/div>\n\t\t<\/div>\n\t\t\t\t\t<\/div>\n\t\t<\/section>\n\t\t\t\t<\/div>\n\t\t","protected":false},"excerpt":{"rendered":"<p>Politica de privacidad T\u00e9rminos y Condiciones para el uso del sitio www.mamabag.com.ar Los presentes t\u00e9rminos y condiciones generales (en adelante, los \u201cT\u00e9rminos y Condiciones\u201d) regular\u00e1n y ser\u00e1n de aplicaci\u00f3n a la navegaci\u00f3n de la p\u00e1gina web www.mamabag.com.ar y todos los actos que puedan efectuarse en virtud del uso de la misma. 1\u2013 Aceptaci\u00f3n de los &hellip;<\/p>\n<p class=\"read-more\"> <a class=\"\" href=\"https:\/\/www.mamabag.com.ar\/confiaentumagia\/terminos\/\"> <span class=\"screen-reader-text\">Terminos<\/span> Leer m\u00e1s &raquo;<\/a><\/p>\n","protected":false},"author":1,"featured_media":0,"parent":0,"menu_order":0,"comment_status":"closed","ping_status":"closed","template":"","meta":{"site-sidebar-layout":"no-sidebar","site-content-layout":"page-builder","ast-global-header-display":"","ast-main-header-display":"","ast-hfb-above-header-display":"","ast-hfb-below-header-display":"","ast-hfb-mobile-header-display":"","site-post-title":"disabled","ast-breadcrumbs-content":"","ast-featured-img":"disabled","footer-sml-layout":"","theme-transparent-header-meta":"default","adv-header-id-meta":"","stick-header-meta":"","header-above-stick-meta":"","header-main-stick-meta":"","header-below-stick-meta":"","footnotes":""},"class_list":["post-621","page","type-page","status-publish","hentry"],"jetpack_sharing_enabled":true,"jetpack-related-posts":[],"_links":{"self":[{"href":"https:\/\/www.mamabag.com.ar\/confiaentumagia\/wp-json\/wp\/v2\/pages\/621"}],"collection":[{"href":"https:\/\/www.mamabag.com.ar\/confiaentumagia\/wp-json\/wp\/v2\/pages"}],"about":[{"href":"https:\/\/www.mamabag.com.ar\/confiaentumagia\/wp-json\/wp\/v2\/types\/page"}],"author":[{"embeddable":true,"href":"https:\/\/www.mamabag.com.ar\/confiaentumagia\/wp-json\/wp\/v2\/users\/1"}],"replies":[{"embeddable":true,"href":"https:\/\/www.mamabag.com.ar\/confiaentumagia\/wp-json\/wp\/v2\/comments?post=621"}],"version-history":[{"count":43,"href":"https:\/\/www.mamabag.com.ar\/confiaentumagia\/wp-json\/wp\/v2\/pages\/621\/revisions"}],"predecessor-version":[{"id":1428,"href":"https:\/\/www.mamabag.com.ar\/confiaentumagia\/wp-json\/wp\/v2\/pages\/621\/revisions\/1428"}],"wp:attachment":[{"href":"https:\/\/www.mamabag.com.ar\/confiaentumagia\/wp-json\/wp\/v2\/media?parent=621"}],"curies":[{"name":"wp","href":"https:\/\/api.w.org\/{rel}","templated":true}]}}